{"id":6565,"date":"2020-04-04T12:02:46","date_gmt":"2020-04-04T11:02:46","guid":{"rendered":"http:\/\/localhost:8080\/cfpml\/?page_id=6565"},"modified":"2022-03-22T12:17:15","modified_gmt":"2022-03-22T11:17:15","slug":"nos-valeurs","status":"publish","type":"page","link":"https:\/\/www.cfpml-benin.com\/?page_id=6565","title":{"rendered":"Nos valeurs"},"content":{"rendered":"<p>[vc_row disable_element=\u00a0\u00bbyes\u00a0\u00bb css=\u00a0\u00bb.vc_custom_1585844180039{padding-top: 30px !important;}\u00a0\u00bb][vc_column]<div class=\"thim-widget-heading\"><div class=\"sc_heading   text-center\"><h3 class=\"title\">Our Story<\/h3><p class=\"sub-heading\" style=\"\">It is a long established fact that a reade.<\/p><span class=\"line\"><\/span><\/div><\/div>[\/vc_column][\/vc_row][vc_row css=\u00a0\u00bb.vc_custom_1471796791252{margin-bottom: 63px !important;}\u00a0\u00bb][vc_column width=\u00a0\u00bb1\/2&Prime; css=\u00a0\u00bb.vc_custom_1471796770554{margin-bottom: 30px !important;}\u00a0\u00bb][vc_column_text]<\/p>\n<h3 class=\"thim-text-title\">CFPML \u2013 BENIN Vous propose :<\/h3>\n<ul>\n<li>Une offre compl\u00e8te de formations adapt\u00e9es \u00e0 vos besoins ;<\/li>\n<li>Un enseignement bas\u00e9 sur la mise en pratique imm\u00e9diate ;<\/li>\n<li>Des formations de jours ou du soir en groupe, adapt\u00e9 \u00e0 vos horaires ;<\/li>\n<li>Des \u00e9quipements de pointe dans des ateliers sp\u00e9cialis\u00e9s et fonctionnels<\/li>\n<li>Des formateurs qualifi\u00e9s et exp\u00e9riment\u00e9s provenant \u00e0 100% du m\u00e9tier<\/li>\n<li>Des partenariats solides pour l\u2019insertion professionnelle rapide des apprenants<\/li>\n<li>L\u2019accompagnement pour la cr\u00e9ation et le financement d\u2019entreprises innovantes<\/li>\n<\/ul>\n<p>Certaines autres valeurs guident notre quotidien. Elles se traduisent dans nos gestes, dans nos attitudes, dans nos paroles et dans notre enseignement. Elles sont pr\u00e9sentes dans nos relations avec les enfants, avec les parents mais aussi entre les membres de l&rsquo;\u00e9quipe et avec la direction.[\/vc_column_text][\/vc_column][vc_column width=\u00a0\u00bb1\/2&Prime; css=\u00a0\u00bb.vc_custom_1471796781968{margin-bottom: 30px !important;}\u00a0\u00bb][vc_column_text]<strong>Le respect :<\/strong> C&rsquo;est prendre en consid\u00e9ration et accepter l&rsquo;autre tel qu&rsquo;il est, dans toutes ses dimensions, avec ses caract\u00e9ristiques propres et ses diff\u00e9rences tout en tenant compte de ses go\u00fbts, de ses choix, de sa culture et de ses besoins.<\/p>\n<p><strong>Le professionnalisme :<\/strong> C&rsquo;est agir au meilleur de nos comp\u00e9tences, en fonction de l&rsquo;int\u00e9r\u00eat des enfants et dans le respect des valeurs humaines et p\u00e9dagogiques qui sont v\u00e9cues \u00e0 l&rsquo;\u00e9cole. Il se traduit dans la qualit\u00e9 de notre travail quotidien mais aussi dans notre volont\u00e9 de nous perfectionner et d&rsquo;am\u00e9liorer constamment nos approches et nos interventions aupr\u00e8s des enfants.<\/p>\n<p><strong>L&rsquo;\u00e9quit\u00e9 :<\/strong> C&rsquo;est reconna\u00eetre que toutes les personnes ont les m\u00eames droits et que nous devons les traiter avec justice tout en respectant la personnalit\u00e9 de chacun.<\/p>\n<p><strong>Les relations chaleureuses :<\/strong> Nos contacts quotidiens avec nos \u00e9tudiants et \u00e9l\u00e8ves, les parents et entre les membres de l&rsquo;\u00e9quipe se doivent d&rsquo;\u00eatre empreints de chaleur, d&rsquo;amabilit\u00e9 et d&rsquo;humour. Les relations chaleureuses impliquent une ouverture, une \u00e9coute, une disponibilit\u00e9 et une attention \u00e0 toutes les personnes que l&rsquo;on c\u00f4toie.<\/p>\n<p><strong>La discipline :<\/strong> C&rsquo;est se donner un encadrement et des r\u00e8gles de conduite pour tous afin de s&rsquo;assurer d&rsquo;un fonctionnement harmonieux et d&rsquo;un climat propice aux apprentissages et \u00e0 la vie de groupe. C&rsquo;est aussi aider nos \u00e9tudiants et \u00e9l\u00e8ves \u00e0 d\u00e9velopper int\u00e9rieurement une discipline personnelle.[\/vc_column_text][\/vc_column][\/vc_row]<\/p>\n","protected":false},"excerpt":{"rendered":"<p>[vc_row disable_element=\u00a0\u00bbyes\u00a0\u00bb css=\u00a0\u00bb.vc_custom_1585844180039{padding-top: 30px !important;}\u00a0\u00bb][vc_column][\/vc_column][\/vc_row][vc_row css=\u00a0\u00bb.vc_custom_1471796791252{margin-bottom: 63px !important;}\u00a0\u00bb][vc_column width=\u00a0\u00bb1\/2&Prime; css=\u00a0\u00bb.vc_custom_1471796770554{margin-bottom: 30px !important;}\u00a0\u00bb][vc_column_text] CFPML \u2013 BENIN Vous propose : Une offre compl\u00e8te de formations adapt\u00e9es \u00e0 vos besoins ; Un enseignement bas\u00e9 sur la mise en pratique imm\u00e9diate ; Des formations &hellip; <\/p>\n","protected":false},"author":1,"featured_media":0,"parent":0,"menu_order":0,"comment_status":"closed","ping_status":"closed","template":"","meta":{"_bbp_topic_count":0,"_bbp_reply_count":0,"_bbp_total_topic_count":0,"_bbp_total_reply_count":0,"_bbp_voice_count":0,"_bbp_anonymous_reply_count":0,"_bbp_topic_count_hidden":0,"_bbp_reply_count_hidden":0,"_bbp_forum_subforum_count":0,"footnotes":""},"class_list":["post-6565","page","type-page","status-publish","hentry"],"aioseo_notices":[],"_links":{"self":[{"href":"https:\/\/www.cfpml-benin.com\/index.php?rest_route=\/wp\/v2\/pages\/6565","targetHints":{"allow":["GET"]}}],"collection":[{"href":"https:\/\/www.cfpml-benin.com\/index.php?rest_route=\/wp\/v2\/pages"}],"about":[{"href":"https:\/\/www.cfpml-benin.com\/index.php?rest_route=\/wp\/v2\/types\/page"}],"author":[{"embeddable":true,"href":"https:\/\/www.cfpml-benin.com\/index.php?rest_route=\/wp\/v2\/users\/1"}],"replies":[{"embeddable":true,"href":"https:\/\/www.cfpml-benin.com\/index.php?rest_route=%2Fwp%2Fv2%2Fcomments&post=6565"}],"version-history":[{"count":1,"href":"https:\/\/www.cfpml-benin.com\/index.php?rest_route=\/wp\/v2\/pages\/6565\/revisions"}],"predecessor-version":[{"id":6631,"href":"https:\/\/www.cfpml-benin.com\/index.php?rest_route=\/wp\/v2\/pages\/6565\/revisions\/6631"}],"wp:attachment":[{"href":"https:\/\/www.cfpml-benin.com\/index.php?rest_route=%2Fwp%2Fv2%2Fmedia&parent=6565"}],"curies":[{"name":"wp","href":"https:\/\/api.w.org\/{rel}","templated":true}]}}