{"id":6684,"date":"2020-04-04T13:16:00","date_gmt":"2020-04-04T12:16:00","guid":{"rendered":"http:\/\/localhost:8080\/cfpml\/?page_id=6684"},"modified":"2023-04-04T01:10:04","modified_gmt":"2023-04-04T00:10:04","slug":"informatique-et-bureautique","status":"publish","type":"page","link":"https:\/\/www.cfpml-benin.com\/?page_id=6684","title":{"rendered":"Informatique et Bureautique"},"content":{"rendered":"<p>[vc_row css_animation=\u00a0\u00bbfadeIn\u00a0\u00bb css=\u00a0\u00bb.vc_custom_1585846575546{padding-top: 30px !important;}\u00a0\u00bb][vc_column][vc_column_text]Avec l\u2019av\u00e8nement des ordnateurs et d\u2019internet, fini les machines \u00e0 \u00e9crire, d\u00e9sormais, tout travail se fait sur ordinateur. Les comp\u00e9tences informatiques et les comp\u00e9tences sont ainsi essentielles pour une bonne insertion professionnelle.<\/p>\n<p>La formation bureautique permet \u00e0 ceux qui pr\u00e9parent d\u2019apprendre \u00e0 servir des diff\u00e9rents logiciels de bureautique sur un ordinateur.[\/vc_column_text][vc_row_inner][vc_column_inner width=\u00a0\u00bb1\/2&Prime;]<div class=\"thim-widget-icon-box\"><div class=\"wrapper-box-icon has_custom_image text-center  \"  ><div class=\"smicon-box iconbox-top\"><div class=\"boxes-icon\" ><a class=\"icon-box-link\" target=\"_self\" href=\"#\" ><span class=\"inner-icon\"><span class=\"icon icon-images\"><img loading=\"lazy\" decoding=\"async\" src=\"https:\/\/www.cfpml-benin.com\/wp-content\/uploads\/2020\/04\/download.png\" alt=\"secretaire\" title=\"secretaire\"  width=\"329\" height=\"153\"><\/span><\/span><\/a><\/div><div class=\"content-inner\" ><div class=\"sc-heading article_heading\"><h3 class = \"heading__primary\" ><a class=\"icon-box-link\" target=\"_self\" href=\"#\" >Informatique d\u2019Entreprise<\/a><\/h3><\/div><div class=\"desc-icon-box\"><div class=\"desc-content\" ><a class=\"icon-box-link\" target=\"_self\" href=\"#\" >PAO, OPS, Perfecto, Graphisme, Office<\/a><\/div><\/div><\/div><\/div><!--end smicon-box--><\/div><\/div>[vc_btn title=\u00a0\u00bb200 000 Fcfa\u00a0\u00bb color=\u00a0\u00bbprimary\u00a0\u00bb size=\u00a0\u00bblg\u00a0\u00bb align=\u00a0\u00bbcenter\u00a0\u00bb button_block=\u00a0\u00bbtrue\u00a0\u00bb][\/vc_column_inner][vc_column_inner width=\u00a0\u00bb1\/2&Prime;]<div class=\"thim-widget-icon-box\"><div class=\"wrapper-box-icon has_custom_image text-center  \"  ><div class=\"smicon-box iconbox-top\"><div class=\"boxes-icon\" ><a class=\"icon-box-link\" target=\"_self\" href=\"#\" ><span class=\"inner-icon\"><span class=\"icon icon-images\"><img loading=\"lazy\" decoding=\"async\" src=\"https:\/\/www.cfpml-benin.com\/wp-content\/uploads\/2020\/04\/download.png\" alt=\"secretaire\" title=\"secretaire\"  width=\"329\" height=\"153\"><\/span><\/span><\/a><\/div><div class=\"content-inner\" ><div class=\"sc-heading article_heading\"><h3 class = \"heading__primary\" ><a class=\"icon-box-link\" target=\"_self\" href=\"#\" >Informatique Approfondie<\/a><\/h3><\/div><div class=\"desc-icon-box\"><div class=\"desc-content\" ><a class=\"icon-box-link\" target=\"_self\" href=\"#\" >OPS,PAO,Graphisme et Infographie<\/a><\/div><\/div><\/div><\/div><!--end smicon-box--><\/div><\/div>[vc_btn title=\u00a0\u00bb300 000 Fcfa\u00a0\u00bb color=\u00a0\u00bbprimary\u00a0\u00bb size=\u00a0\u00bblg\u00a0\u00bb align=\u00a0\u00bbcenter\u00a0\u00bb button_block=\u00a0\u00bbtrue\u00a0\u00bb][\/vc_column_inner][\/vc_row_inner][\/vc_column][\/vc_row]<\/p>\n","protected":false},"excerpt":{"rendered":"<p>[vc_row css_animation=\u00a0\u00bbfadeIn\u00a0\u00bb css=\u00a0\u00bb.vc_custom_1585846575546{padding-top: 30px !important;}\u00a0\u00bb][vc_column][vc_column_text]Avec l\u2019av\u00e8nement des ordnateurs et d\u2019internet, fini les machines \u00e0 \u00e9crire, d\u00e9sormais, tout travail se fait sur ordinateur. Les comp\u00e9tences informatiques et les comp\u00e9tences sont ainsi essentielles pour une bonne insertion professionnelle. La formation bureautique permet &hellip; <\/p>\n","protected":false},"author":1,"featured_media":4414,"parent":0,"menu_order":0,"comment_status":"closed","ping_status":"closed","template":"","meta":{"_bbp_topic_count":0,"_bbp_reply_count":0,"_bbp_total_topic_count":0,"_bbp_total_reply_count":0,"_bbp_voice_count":0,"_bbp_anonymous_reply_count":0,"_bbp_topic_count_hidden":0,"_bbp_reply_count_hidden":0,"_bbp_forum_subforum_count":0,"footnotes":""},"class_list":["post-6684","page","type-page","status-publish","has-post-thumbnail","hentry"],"aioseo_notices":[],"_links":{"self":[{"href":"https:\/\/www.cfpml-benin.com\/index.php?rest_route=\/wp\/v2\/pages\/6684","targetHints":{"allow":["GET"]}}],"collection":[{"href":"https:\/\/www.cfpml-benin.com\/index.php?rest_route=\/wp\/v2\/pages"}],"about":[{"href":"https:\/\/www.cfpml-benin.com\/index.php?rest_route=\/wp\/v2\/types\/page"}],"author":[{"embeddable":true,"href":"https:\/\/www.cfpml-benin.com\/index.php?rest_route=\/wp\/v2\/users\/1"}],"replies":[{"embeddable":true,"href":"https:\/\/www.cfpml-benin.com\/index.php?rest_route=%2Fwp%2Fv2%2Fcomments&post=6684"}],"version-history":[{"count":5,"href":"https:\/\/www.cfpml-benin.com\/index.php?rest_route=\/wp\/v2\/pages\/6684\/revisions"}],"predecessor-version":[{"id":7048,"href":"https:\/\/www.cfpml-benin.com\/index.php?rest_route=\/wp\/v2\/pages\/6684\/revisions\/7048"}],"wp:featuredmedia":[{"embeddable":true,"href":"https:\/\/www.cfpml-benin.com\/index.php?rest_route=\/wp\/v2\/media\/4414"}],"wp:attachment":[{"href":"https:\/\/www.cfpml-benin.com\/index.php?rest_route=%2Fwp%2Fv2%2Fmedia&parent=6684"}],"curies":[{"name":"wp","href":"https:\/\/api.w.org\/{rel}","templated":true}]}}