{"id":6714,"date":"2020-04-04T14:00:28","date_gmt":"2020-04-04T13:00:28","guid":{"rendered":"http:\/\/localhost:8080\/cfpml\/?page_id=6714"},"modified":"2022-03-22T12:11:00","modified_gmt":"2022-03-22T11:11:00","slug":"audiovisuelle","status":"publish","type":"page","link":"https:\/\/www.cfpml-benin.com\/?page_id=6714","title":{"rendered":"Audiovisuelle"},"content":{"rendered":"<p>[vc_row css_animation=\u00a0\u00bbfadeIn\u00a0\u00bb css=\u00a0\u00bb.vc_custom_1585846575546{padding-top: 30px !important;}\u00a0\u00bb][vc_column][vc_column_text]La formation en Audiovisuel permet d\u2019acqu\u00e9rir des connaissances comme la prise de son et de vue. Les enseignements dispens\u00e9s dans ces formations sont multiples et peuvent \u00eatre d&rsquo;ordre technique (prise de vue et son, montage, conduite de drone\u2026), et d&rsquo;ordre cr\u00e9ative (cr\u00e9ation de son, mixage&#8230;).<\/p>\n<p>Au cours de ces formations les \u00e9tudiants ont \u00e9galement la possibilit\u00e9 de participer a des ateliers ou des projets pendant lesquels ils mettent en pratique et perfectionnent leurs connaissances.[\/vc_column_text][vc_row_inner][vc_column_inner width=\u00a0\u00bb1\/2&Prime;]<div class=\"thim-widget-icon-box\"><div class=\"wrapper-box-icon has_custom_image text-center  \"  ><div class=\"smicon-box iconbox-top\"><div class=\"boxes-icon\" ><a class=\"icon-box-link\" target=\"_self\" href=\"#\" ><span class=\"inner-icon\"><span class=\"icon icon-images\"><img loading=\"lazy\" decoding=\"async\" src=\"https:\/\/www.cfpml-benin.com\/wp-content\/uploads\/2020\/04\/photo-home-formation-multimedia.jpg\" alt=\"photo-home-formation-multimedia\" title=\"photo-home-formation-multimedia\"  width=\"360\" height=\"160\"><\/span><\/span><\/a><\/div><div class=\"content-inner\" ><div class=\"sc-heading article_heading\"><h3 class = \"heading__primary\" ><a class=\"icon-box-link\" target=\"_self\" href=\"#\" >Cadrage et Montage Professionnelle<\/a><\/h3><\/div><div class=\"desc-icon-box\"><div class=\"desc-content\" ><a class=\"icon-box-link\" target=\"_self\" href=\"#\" >Cadrage, Montage, Conduite de drone, Graphisme, Informatique<\/a><\/div><\/div><\/div><\/div><!--end smicon-box--><\/div><\/div>[vc_btn title=\u00a0\u00bb300 000 Fcfa\u00a0\u00bb color=\u00a0\u00bbprimary\u00a0\u00bb size=\u00a0\u00bblg\u00a0\u00bb align=\u00a0\u00bbcenter\u00a0\u00bb button_block=\u00a0\u00bbtrue\u00a0\u00bb][\/vc_column_inner][vc_column_inner width=\u00a0\u00bb1\/2&Prime;]<div class=\"thim-widget-icon-box\"><div class=\"wrapper-box-icon has_custom_image text-center  \"  ><div class=\"smicon-box iconbox-top\"><div class=\"boxes-icon\" ><a class=\"icon-box-link\" target=\"_self\" href=\"#\" ><span class=\"inner-icon\"><span class=\"icon icon-images\"><img loading=\"lazy\" decoding=\"async\" src=\"https:\/\/www.cfpml-benin.com\/wp-content\/uploads\/2020\/04\/download-5.jpg\" alt=\"download-5\" title=\"download-5\"  width=\"260\" height=\"194\"><\/span><\/span><\/a><\/div><div class=\"content-inner\" ><div class=\"sc-heading article_heading\"><h3 class = \"heading__primary\" ><a class=\"icon-box-link\" target=\"_self\" href=\"#\" >SON<\/a><\/h3><\/div><div class=\"desc-icon-box\"><div class=\"desc-content\" ><a class=\"icon-box-link\" target=\"_self\" href=\"#\" >Pose de voie, cr\u00e9ation de beat, gestion de la lumi\u00e8re, gestion de table et mixage.<\/a><\/div><\/div><\/div><\/div><!--end smicon-box--><\/div><\/div>[vc_btn title=\u00a0\u00bb200 000 Fcfa\u00a0\u00bb color=\u00a0\u00bbprimary\u00a0\u00bb size=\u00a0\u00bblg\u00a0\u00bb align=\u00a0\u00bbcenter\u00a0\u00bb button_block=\u00a0\u00bbtrue\u00a0\u00bb][\/vc_column_inner][\/vc_row_inner][\/vc_column][\/vc_row]<\/p>\n","protected":false},"excerpt":{"rendered":"<p>[vc_row css_animation=\u00a0\u00bbfadeIn\u00a0\u00bb css=\u00a0\u00bb.vc_custom_1585846575546{padding-top: 30px !important;}\u00a0\u00bb][vc_column][vc_column_text]La formation en Audiovisuel permet d\u2019acqu\u00e9rir des connaissances comme la prise de son et de vue. Les enseignements dispens\u00e9s dans ces formations sont multiples et peuvent \u00eatre d&rsquo;ordre technique (prise de vue et son, montage, conduite &hellip; <\/p>\n","protected":false},"author":1,"featured_media":7004,"parent":0,"menu_order":2,"comment_status":"closed","ping_status":"closed","template":"","meta":{"_bbp_topic_count":0,"_bbp_reply_count":0,"_bbp_total_topic_count":0,"_bbp_total_reply_count":0,"_bbp_voice_count":0,"_bbp_anonymous_reply_count":0,"_bbp_topic_count_hidden":0,"_bbp_reply_count_hidden":0,"_bbp_forum_subforum_count":0,"footnotes":""},"class_list":["post-6714","page","type-page","status-publish","has-post-thumbnail","hentry"],"aioseo_notices":[],"_links":{"self":[{"href":"https:\/\/www.cfpml-benin.com\/index.php?rest_route=\/wp\/v2\/pages\/6714","targetHints":{"allow":["GET"]}}],"collection":[{"href":"https:\/\/www.cfpml-benin.com\/index.php?rest_route=\/wp\/v2\/pages"}],"about":[{"href":"https:\/\/www.cfpml-benin.com\/index.php?rest_route=\/wp\/v2\/types\/page"}],"author":[{"embeddable":true,"href":"https:\/\/www.cfpml-benin.com\/index.php?rest_route=\/wp\/v2\/users\/1"}],"replies":[{"embeddable":true,"href":"https:\/\/www.cfpml-benin.com\/index.php?rest_route=%2Fwp%2Fv2%2Fcomments&post=6714"}],"version-history":[{"count":7,"href":"https:\/\/www.cfpml-benin.com\/index.php?rest_route=\/wp\/v2\/pages\/6714\/revisions"}],"predecessor-version":[{"id":6734,"href":"https:\/\/www.cfpml-benin.com\/index.php?rest_route=\/wp\/v2\/pages\/6714\/revisions\/6734"}],"wp:featuredmedia":[{"embeddable":true,"href":"https:\/\/www.cfpml-benin.com\/index.php?rest_route=\/wp\/v2\/media\/7004"}],"wp:attachment":[{"href":"https:\/\/www.cfpml-benin.com\/index.php?rest_route=%2Fwp%2Fv2%2Fmedia&parent=6714"}],"curies":[{"name":"wp","href":"https:\/\/api.w.org\/{rel}","templated":true}]}}