{"id":6723,"date":"2020-04-04T14:02:58","date_gmt":"2020-04-04T13:02:58","guid":{"rendered":"http:\/\/localhost:8080\/cfpml\/?page_id=6723"},"modified":"2023-04-04T01:06:43","modified_gmt":"2023-04-04T00:06:43","slug":"mode-esthetique","status":"publish","type":"page","link":"https:\/\/www.cfpml-benin.com\/?page_id=6723","title":{"rendered":"Mode &#038; Esth\u00e9tique"},"content":{"rendered":"<p>[vc_row css_animation=\u00a0\u00bbfadeIn\u00a0\u00bb css=\u00a0\u00bb.vc_custom_1585846575546{padding-top: 30px !important;}\u00a0\u00bb][vc_column]<div class=\"thim-widget-heading\"><div class=\"sc_heading   text-center\"><h3 style=\"text-transform: uppercase;\" class=\"title\">Nos Modules<\/h3><p class=\"sub-heading\" style=\"\">V\u00e9ritable m\u00e9tier de cr\u00e9ation, le cr\u00e9ateur styliste de mode est une profession de plus en plus tendance. Le cr\u00e9ateur styliste de mode est l\u00e0 pour sublimer les silhouettes par ses cr\u00e9ations, ses v\u00eatements ou sa lingerie. En tant que styliste de mode, vous \u00eates un v\u00e9ritable expert du secteur textile. Vous ma\u00eetrisez non seulement les nombreux aspects techniques propres \u00e0 ce m\u00e9tier, mais restez au fait des tendances et poss\u00e9dez une solide culture mode et artistique.<br \/>\nSelon vos envies et vos pr\u00e9f\u00e9rences, vous pourrez exercer votre activit\u00e9 au sein d\u2019une entreprise de pr\u00eat-\u00e0-porter, une maison de couture ou de haute couture ou encore dans l\u2019artisanat en tant que salari\u00e9 ou travailleur ind\u00e9pendant. Selon votre exp\u00e9rience et votre profil, d\u2019autres voies s\u2019ouvrent \u00e0 vous. Vous pourrez par exemple travailler dans un bureau de style ou de tendance.<\/p><span style=\"background-color:#dd3333\" class=\"line\"><\/span><\/div><\/div>[vc_row_inner][vc_column_inner width=\u00a0\u00bb1\/2&Prime;]<div class=\"thim-widget-icon-box\"><div class=\"wrapper-box-icon has_custom_image text-center  \"  ><div class=\"smicon-box iconbox-top\"><div class=\"boxes-icon\" ><a class=\"icon-box-link\" target=\"_self\" href=\"#\" ><span class=\"inner-icon\"><span class=\"icon icon-images\"><img loading=\"lazy\" decoding=\"async\" src=\"https:\/\/www.cfpml-benin.com\/wp-content\/uploads\/2020\/04\/fb4687e59d04a1e37c1c5bdd6c6dfb2fba788054.jpg\" alt=\"fb4687e59d04a1e37c1c5bdd6c6dfb2fba788054\" title=\"fb4687e59d04a1e37c1c5bdd6c6dfb2fba788054\"  width=\"276\" height=\"183\"><\/span><\/span><\/a><\/div><div class=\"content-inner\" ><div class=\"sc-heading article_heading\"><h3 class = \"heading__primary\" ><a class=\"icon-box-link\" target=\"_self\" href=\"#\" >Haute Couture HC<\/a><\/h3><\/div><div class=\"desc-icon-box\"><div class=\"desc-content\" ><a class=\"icon-box-link\" target=\"_self\" href=\"#\" >Stylisme, Mod\u00e9lisme, Broderie, Accessoire de mode, Marketing digital, Gestion d\u2019entreprise<\/a><\/div><\/div><\/div><\/div><!--end smicon-box--><\/div><\/div>[vc_btn title=\u00a0\u00bb550 000 Fcfa\u00a0\u00bb color=\u00a0\u00bbprimary\u00a0\u00bb size=\u00a0\u00bblg\u00a0\u00bb align=\u00a0\u00bbcenter\u00a0\u00bb button_block=\u00a0\u00bbtrue\u00a0\u00bb][\/vc_column_inner][vc_column_inner width=\u00a0\u00bb1\/2&Prime;]<div class=\"thim-widget-icon-box\"><div class=\"wrapper-box-icon has_custom_image text-center  \"  ><div class=\"smicon-box iconbox-top\"><div class=\"boxes-icon\" ><a class=\"icon-box-link\" target=\"_self\" href=\"#\" ><span class=\"inner-icon\"><span class=\"icon icon-images\"><img loading=\"lazy\" decoding=\"async\" src=\"https:\/\/www.cfpml-benin.com\/wp-content\/uploads\/2020\/04\/images.png\" alt=\"images\" title=\"images\"  width=\"227\" height=\"222\"><\/span><\/span><\/a><\/div><div class=\"content-inner\" ><div class=\"sc-heading article_heading\"><h3 class = \"heading__primary\" ><a class=\"icon-box-link\" target=\"_self\" href=\"#\" >Esth\u00e9tique<\/a><\/h3><\/div><div class=\"desc-icon-box\"><div class=\"desc-content\" ><a class=\"icon-box-link\" target=\"_self\" href=\"#\" >Make-up, Soins de visage, Onglerie, Pedicure manicure, Massage cosmetique, Nouage de Foulard<\/a><\/div><\/div><\/div><\/div><!--end smicon-box--><\/div><\/div>[vc_btn title=\u00a0\u00bb300 000 Fcfa\u00a0\u00bb color=\u00a0\u00bbprimary\u00a0\u00bb size=\u00a0\u00bblg\u00a0\u00bb align=\u00a0\u00bbcenter\u00a0\u00bb button_block=\u00a0\u00bbtrue\u00a0\u00bb][\/vc_column_inner][\/vc_row_inner][\/vc_column][\/vc_row]<\/p>\n","protected":false},"excerpt":{"rendered":"<p>[vc_row css_animation=\u00a0\u00bbfadeIn\u00a0\u00bb css=\u00a0\u00bb.vc_custom_1585846575546{padding-top: 30px !important;}\u00a0\u00bb][vc_column][vc_row_inner][vc_column_inner width=\u00a0\u00bb1\/2&Prime;][vc_btn title=\u00a0\u00bb550 000 Fcfa\u00a0\u00bb color=\u00a0\u00bbprimary\u00a0\u00bb size=\u00a0\u00bblg\u00a0\u00bb align=\u00a0\u00bbcenter\u00a0\u00bb button_block=\u00a0\u00bbtrue\u00a0\u00bb][\/vc_column_inner][vc_column_inner width=\u00a0\u00bb1\/2&Prime;][vc_btn title=\u00a0\u00bb300 000 Fcfa\u00a0\u00bb color=\u00a0\u00bbprimary\u00a0\u00bb size=\u00a0\u00bblg\u00a0\u00bb align=\u00a0\u00bbcenter\u00a0\u00bb button_block=\u00a0\u00bbtrue\u00a0\u00bb][\/vc_column_inner][\/vc_row_inner][\/vc_column][\/vc_row]<\/p>\n","protected":false},"author":1,"featured_media":7007,"parent":0,"menu_order":0,"comment_status":"closed","ping_status":"closed","template":"","meta":{"_bbp_topic_count":0,"_bbp_reply_count":0,"_bbp_total_topic_count":0,"_bbp_total_reply_count":0,"_bbp_voice_count":0,"_bbp_anonymous_reply_count":0,"_bbp_topic_count_hidden":0,"_bbp_reply_count_hidden":0,"_bbp_forum_subforum_count":0,"footnotes":""},"class_list":["post-6723","page","type-page","status-publish","has-post-thumbnail","hentry"],"aioseo_notices":[],"_links":{"self":[{"href":"https:\/\/www.cfpml-benin.com\/index.php?rest_route=\/wp\/v2\/pages\/6723","targetHints":{"allow":["GET"]}}],"collection":[{"href":"https:\/\/www.cfpml-benin.com\/index.php?rest_route=\/wp\/v2\/pages"}],"about":[{"href":"https:\/\/www.cfpml-benin.com\/index.php?rest_route=\/wp\/v2\/types\/page"}],"author":[{"embeddable":true,"href":"https:\/\/www.cfpml-benin.com\/index.php?rest_route=\/wp\/v2\/users\/1"}],"replies":[{"embeddable":true,"href":"https:\/\/www.cfpml-benin.com\/index.php?rest_route=%2Fwp%2Fv2%2Fcomments&post=6723"}],"version-history":[{"count":8,"href":"https:\/\/www.cfpml-benin.com\/index.php?rest_route=\/wp\/v2\/pages\/6723\/revisions"}],"predecessor-version":[{"id":7045,"href":"https:\/\/www.cfpml-benin.com\/index.php?rest_route=\/wp\/v2\/pages\/6723\/revisions\/7045"}],"wp:featuredmedia":[{"embeddable":true,"href":"https:\/\/www.cfpml-benin.com\/index.php?rest_route=\/wp\/v2\/media\/7007"}],"wp:attachment":[{"href":"https:\/\/www.cfpml-benin.com\/index.php?rest_route=%2Fwp%2Fv2%2Fmedia&parent=6723"}],"curies":[{"name":"wp","href":"https:\/\/api.w.org\/{rel}","templated":true}]}}