{"id":6901,"date":"2020-04-14T16:43:12","date_gmt":"2020-04-14T15:43:12","guid":{"rendered":"https:\/\/www.cfpml-benin.com\/?page_id=6901"},"modified":"2023-04-04T01:11:20","modified_gmt":"2023-04-04T00:11:20","slug":"reseaux-informatiques-et-telecommunications","status":"publish","type":"page","link":"https:\/\/www.cfpml-benin.com\/?page_id=6901","title":{"rendered":"R\u00e9seaux informatiques et t\u00e9l\u00e9communications"},"content":{"rendered":"<p>[vc_row css_animation=\u00a0\u00bbfadeIn\u00a0\u00bb css=\u00a0\u00bb.vc_custom_1585846575546{padding-top: 30px !important;}\u00a0\u00bb][vc_column][vc_column_text]L&rsquo;installateur de r\u00e9seaux de t\u00e9l\u00e9communications participe aux travaux de construction, d&rsquo;extension et de modification des r\u00e9seaux de t\u00e9l\u00e9communications en effectuant l&rsquo;ensemble des travaux de tirage de c\u00e2bles, de pose et de c\u00e2blage d&rsquo;\u00e9quipements permettant aux op\u00e9rateurs de v\u00e9hiculer les signaux num\u00e9riques (t\u00e9l\u00e9phonie, t\u00e9l\u00e9vision, internet) jusque chez leurs clients.<\/p>\n<p>Le technicien de maintenance informatique et GSM assure l\u2019entretien et la r\u00e9paration des mat\u00e9riels informatiques et GSM. Il peut r\u00e9aliser \u00e9galement l\u2019installation de nouveaux \u00e9quipements ou assurer la formation des utilisateurs.[\/vc_column_text][vc_row_inner][vc_column_inner width=\u00a0\u00bb1\/2&Prime;]<div class=\"thim-widget-icon-box\"><div class=\"wrapper-box-icon has_custom_image text-center  \"  ><div class=\"smicon-box iconbox-top\"><div class=\"boxes-icon\" ><a class=\"icon-box-link\" target=\"_self\" href=\"#\" ><span class=\"inner-icon\"><span class=\"icon icon-images\"><img loading=\"lazy\" decoding=\"async\" src=\"https:\/\/www.cfpml-benin.com\/wp-content\/uploads\/2020\/05\/f2153498-0034-4b1f-a0f9-44573abe0242.jpg\" alt=\"mri\" title=\"mri\"  width=\"560\" height=\"430\"><\/span><\/span><\/a><\/div><div class=\"content-inner\" ><div class=\"sc-heading article_heading\"><h3 class = \"heading__primary\" ><a class=\"icon-box-link\" target=\"_self\" href=\"#\" >G\u00e9nie en Maintenance et R\u00e9seau informatique<\/a><\/h3><\/div><div class=\"desc-icon-box\"><div class=\"desc-content\" ><a class=\"icon-box-link\" target=\"_self\" href=\"#\" >Maintenance ordinateur et T\u00e9l\u00e9phone, Informatique, Vid\u00e9o surveillance, R\u00e9seau informatique, Informatique<\/a><\/div><\/div><\/div><\/div><!--end smicon-box--><\/div><\/div>[vc_btn title=\u00a0\u00bb250 000 Fcfa\u00a0\u00bb color=\u00a0\u00bbprimary\u00a0\u00bb size=\u00a0\u00bblg\u00a0\u00bb align=\u00a0\u00bbcenter\u00a0\u00bb button_block=\u00a0\u00bbtrue\u00a0\u00bb][\/vc_column_inner][vc_column_inner width=\u00a0\u00bb1\/2&Prime;]<div class=\"thim-widget-icon-box\"><div class=\"wrapper-box-icon has_custom_image text-center  \"  ><div class=\"smicon-box iconbox-top\"><div class=\"boxes-icon\" ><a class=\"icon-box-link\" target=\"_self\" href=\"#\" ><span class=\"inner-icon\"><span class=\"icon icon-images\"><img loading=\"lazy\" decoding=\"async\" src=\"https:\/\/www.cfpml-benin.com\/wp-content\/uploads\/2020\/04\/tcom.jpg\" alt=\"tcom\" title=\"tcom\"  width=\"272\" height=\"185\"><\/span><\/span><\/a><\/div><div class=\"content-inner\" ><div class=\"sc-heading article_heading\"><h3 class = \"heading__primary\" ><a class=\"icon-box-link\" target=\"_self\" href=\"#\" >G\u00e9nie en T\u00e9l\u00e9communication et R\u00e9seau informatique<\/a><\/h3><\/div><div class=\"desc-icon-box\"><div class=\"desc-content\" ><a class=\"icon-box-link\" target=\"_self\" href=\"#\" >Administration R\u00e9seau, vid\u00e9o surveillance T\u00e9l\u00e9communication, Informatique<\/a><\/div><\/div><\/div><\/div><!--end smicon-box--><\/div><\/div>[vc_btn title=\u00a0\u00bb250 000 Fcfa\u00a0\u00bb color=\u00a0\u00bbprimary\u00a0\u00bb size=\u00a0\u00bblg\u00a0\u00bb align=\u00a0\u00bbcenter\u00a0\u00bb button_block=\u00a0\u00bbtrue\u00a0\u00bb][\/vc_column_inner][\/vc_row_inner][\/vc_column][\/vc_row]<\/p>\n","protected":false},"excerpt":{"rendered":"<p>[vc_row css_animation=\u00a0\u00bbfadeIn\u00a0\u00bb css=\u00a0\u00bb.vc_custom_1585846575546{padding-top: 30px !important;}\u00a0\u00bb][vc_column][vc_column_text]L&rsquo;installateur de r\u00e9seaux de t\u00e9l\u00e9communications participe aux travaux de construction, d&rsquo;extension et de modification des r\u00e9seaux de t\u00e9l\u00e9communications en effectuant l&rsquo;ensemble des travaux de tirage de c\u00e2bles, de pose et de c\u00e2blage d&rsquo;\u00e9quipements permettant aux op\u00e9rateurs &hellip; <\/p>\n","protected":false},"author":1,"featured_media":6663,"parent":0,"menu_order":0,"comment_status":"closed","ping_status":"closed","template":"","meta":{"_bbp_topic_count":0,"_bbp_reply_count":0,"_bbp_total_topic_count":0,"_bbp_total_reply_count":0,"_bbp_voice_count":0,"_bbp_anonymous_reply_count":0,"_bbp_topic_count_hidden":0,"_bbp_reply_count_hidden":0,"_bbp_forum_subforum_count":0,"footnotes":""},"class_list":["post-6901","page","type-page","status-publish","has-post-thumbnail","hentry"],"aioseo_notices":[],"_links":{"self":[{"href":"https:\/\/www.cfpml-benin.com\/index.php?rest_route=\/wp\/v2\/pages\/6901","targetHints":{"allow":["GET"]}}],"collection":[{"href":"https:\/\/www.cfpml-benin.com\/index.php?rest_route=\/wp\/v2\/pages"}],"about":[{"href":"https:\/\/www.cfpml-benin.com\/index.php?rest_route=\/wp\/v2\/types\/page"}],"author":[{"embeddable":true,"href":"https:\/\/www.cfpml-benin.com\/index.php?rest_route=\/wp\/v2\/users\/1"}],"replies":[{"embeddable":true,"href":"https:\/\/www.cfpml-benin.com\/index.php?rest_route=%2Fwp%2Fv2%2Fcomments&post=6901"}],"version-history":[{"count":6,"href":"https:\/\/www.cfpml-benin.com\/index.php?rest_route=\/wp\/v2\/pages\/6901\/revisions"}],"predecessor-version":[{"id":7049,"href":"https:\/\/www.cfpml-benin.com\/index.php?rest_route=\/wp\/v2\/pages\/6901\/revisions\/7049"}],"wp:featuredmedia":[{"embeddable":true,"href":"https:\/\/www.cfpml-benin.com\/index.php?rest_route=\/wp\/v2\/media\/6663"}],"wp:attachment":[{"href":"https:\/\/www.cfpml-benin.com\/index.php?rest_route=%2Fwp%2Fv2%2Fmedia&parent=6901"}],"curies":[{"name":"wp","href":"https:\/\/api.w.org\/{rel}","templated":true}]}}