{"id":6974,"date":"2021-04-08T09:48:21","date_gmt":"2021-04-08T08:48:21","guid":{"rendered":"https:\/\/www.cfpml-benin.com\/?page_id=6974"},"modified":"2023-04-04T01:15:50","modified_gmt":"2023-04-04T00:15:50","slug":"conducteur-dengins-lourd","status":"publish","type":"page","link":"https:\/\/www.cfpml-benin.com\/?page_id=6974","title":{"rendered":"Conducteur d&rsquo;Engins de Chantier"},"content":{"rendered":"<p>[vc_row css_animation=\u00a0\u00bbfadeIn\u00a0\u00bb css=\u00a0\u00bb.vc_custom_1585846575546{padding-top: 30px !important;}\u00a0\u00bb][vc_column][vc_column_text]Le conducteur d&rsquo;engins de travaux publics conduit des machines de terrassement et de nivellement sur les chantiers : bulldozers, pelleteuses, rouleaux compresseurs, pelles m\u00e9caniques, masses, chargeuses, bouteurs, niveleuses, d\u00e9capeuses. Il assure la maintenance des engins qu&rsquo;il conduit et doit \u00eatre capable de signaler les anomalies[\/vc_column_text][\/vc_column][\/vc_row][vc_row][vc_column width=\u00a0\u00bb1\/2&Prime;]<div class=\"thim-widget-icon-box\"><div class=\"wrapper-box-icon has_custom_image text-center  \"  ><div class=\"smicon-box iconbox-top\"><div class=\"boxes-icon\" ><a class=\"icon-box-link\" target=\"_self\" href=\"#\" ><span class=\"inner-icon\"><span class=\"icon icon-images\"><img loading=\"lazy\" decoding=\"async\" src=\"https:\/\/www.cfpml-benin.com\/wp-content\/uploads\/2020\/04\/stock2.jpg\" alt=\"stock2\" title=\"stock2\"  width=\"261\" height=\"193\"><\/span><\/span><\/a><\/div><div class=\"content-inner\" ><div class=\"sc-heading article_heading\"><h3 class = \"heading__primary\" ><a class=\"icon-box-link\" target=\"_self\" href=\"#\" >FORMATION OP\u00c9RATEUR DE MACHINERIE LOURDE<\/a><\/h3><\/div><div class=\"desc-icon-box\"><div class=\"desc-content\" ><a class=\"icon-box-link\" target=\"_self\" href=\"#\" >La formation dispens\u00e9e par un formateur optimisera vos connaissances et vos comp\u00e9tences sur les points suivants :<\/p>\n<p>S\u00e9curit\u00e9 (personnel, site et machine)<br \/>\nTours d'inspection<br \/>\nPoste de conduite<br \/>\nProc\u00e9dures de d\u00e9marrage\/d'arr\u00eat<br \/>\nProc\u00e9dures de fonctionnement de base en fonction des besoins de l'industrie<br \/>\nLes fondamentaux du terrassement pour permettre \u00e0 un conducteur de d\u00e9velopper ses comp\u00e9tences afin de manier l'engin avec une grande efficacit\u00e9 et en toute s\u00e9curit\u00e9<\/a><\/div><\/div><\/div><\/div><!--end smicon-box--><\/div><\/div>[vc_btn title=\u00a0\u00bb150 000 Fcfa \/ 500 000 Fcfa\u00a0\u00bb color=\u00a0\u00bbprimary\u00a0\u00bb size=\u00a0\u00bblg\u00a0\u00bb align=\u00a0\u00bbcenter\u00a0\u00bb button_block=\u00a0\u00bbtrue\u00a0\u00bb][\/vc_column][vc_column width=\u00a0\u00bb1\/2&Prime;][\/vc_column][\/vc_row]<\/p>\n","protected":false},"excerpt":{"rendered":"<p>[vc_row css_animation=\u00a0\u00bbfadeIn\u00a0\u00bb css=\u00a0\u00bb.vc_custom_1585846575546{padding-top: 30px !important;}\u00a0\u00bb][vc_column][vc_column_text]Le conducteur d&rsquo;engins de travaux publics conduit des machines de terrassement et de nivellement sur les chantiers : bulldozers, pelleteuses, rouleaux compresseurs, pelles m\u00e9caniques, masses, chargeuses, bouteurs, niveleuses, d\u00e9capeuses. Il assure la maintenance des engins qu&rsquo;il &hellip; <\/p>\n","protected":false},"author":1,"featured_media":7008,"parent":0,"menu_order":1,"comment_status":"closed","ping_status":"closed","template":"","meta":{"_bbp_topic_count":0,"_bbp_reply_count":0,"_bbp_total_topic_count":0,"_bbp_total_reply_count":0,"_bbp_voice_count":0,"_bbp_anonymous_reply_count":0,"_bbp_topic_count_hidden":0,"_bbp_reply_count_hidden":0,"_bbp_forum_subforum_count":0,"footnotes":""},"class_list":["post-6974","page","type-page","status-publish","has-post-thumbnail","hentry"],"aioseo_notices":[],"_links":{"self":[{"href":"https:\/\/www.cfpml-benin.com\/index.php?rest_route=\/wp\/v2\/pages\/6974","targetHints":{"allow":["GET"]}}],"collection":[{"href":"https:\/\/www.cfpml-benin.com\/index.php?rest_route=\/wp\/v2\/pages"}],"about":[{"href":"https:\/\/www.cfpml-benin.com\/index.php?rest_route=\/wp\/v2\/types\/page"}],"author":[{"embeddable":true,"href":"https:\/\/www.cfpml-benin.com\/index.php?rest_route=\/wp\/v2\/users\/1"}],"replies":[{"embeddable":true,"href":"https:\/\/www.cfpml-benin.com\/index.php?rest_route=%2Fwp%2Fv2%2Fcomments&post=6974"}],"version-history":[{"count":7,"href":"https:\/\/www.cfpml-benin.com\/index.php?rest_route=\/wp\/v2\/pages\/6974\/revisions"}],"predecessor-version":[{"id":7051,"href":"https:\/\/www.cfpml-benin.com\/index.php?rest_route=\/wp\/v2\/pages\/6974\/revisions\/7051"}],"wp:featuredmedia":[{"embeddable":true,"href":"https:\/\/www.cfpml-benin.com\/index.php?rest_route=\/wp\/v2\/media\/7008"}],"wp:attachment":[{"href":"https:\/\/www.cfpml-benin.com\/index.php?rest_route=%2Fwp%2Fv2%2Fmedia&parent=6974"}],"curies":[{"name":"wp","href":"https:\/\/api.w.org\/{rel}","templated":true}]}}